{"id":8475,"date":"2022-05-05T15:19:58","date_gmt":"2022-05-05T13:19:58","guid":{"rendered":"https:\/\/www.ingridslaa.nl\/newsletters\/"},"modified":"2026-04-02T17:28:39","modified_gmt":"2026-04-02T15:28:39","slug":"newsletters","status":"publish","type":"page","link":"https:\/\/www.ingridslaa.nl\/de\/newsletters\/","title":{"rendered":"Newsletters"},"content":{"rendered":"\n<style type=\"text\/css\" data-created_by=\"avia_inline_auto\" id=\"style-css-av-4csuh4-17f2d695618cd71a3ed5442fd57692e9\">\n.flex_column.av-4csuh4-17f2d695618cd71a3ed5442fd57692e9{\nborder-radius:0px 0px 0px 0px;\npadding:0px 0px 0px 0px;\n}\n<\/style>\n<div  class='flex_column av-4csuh4-17f2d695618cd71a3ed5442fd57692e9 av_one_full  avia-builder-el-0  el_before_av_two_third  avia-builder-el-first  first flex_column_div av-zero-column-padding  '     ><style type=\"text\/css\" data-created_by=\"avia_inline_auto\" id=\"style-css-av-l2t2i1tn-161b8f146af9a462a14f461ccf33e00c\">\n#top .av-special-heading.av-l2t2i1tn-161b8f146af9a462a14f461ccf33e00c{\npadding-bottom:10px;\n}\nbody .av-special-heading.av-l2t2i1tn-161b8f146af9a462a14f461ccf33e00c .av-special-heading-tag .heading-char{\nfont-size:25px;\n}\n.av-special-heading.av-l2t2i1tn-161b8f146af9a462a14f461ccf33e00c .av-subheading{\nfont-size:15px;\n}\n<\/style>\n<div  class='av-special-heading av-l2t2i1tn-161b8f146af9a462a14f461ccf33e00c av-special-heading-h1 blockquote modern-quote  avia-builder-el-1  avia-builder-el-no-sibling  av-linked-heading'><h1 class='av-special-heading-tag '  itemprop=\"headline\"  >Newsletters<\/h1><div class=\"special-heading-border\"><div class=\"special-heading-inner-border\"><\/div><\/div><\/div><\/div>\n<div  class='flex_column av-3hu3aw-562d0af13eb1ae288a3a7c38b73c4e35 av_two_third  avia-builder-el-2  el_after_av_one_full  el_before_av_one_fourth  first flex_column_div  column-top-margin'     ><section  class='av_textblock_section av-mnfvu5ax-031311e8570cca996d0c19d413132a80 '   itemscope=\"itemscope\" itemtype=\"https:\/\/schema.org\/CreativeWork\" ><div class='avia_textblock'  itemprop=\"text\" ><p><strong>April 2026: auf farbigen Wappen, alter Arbeit und rot, gelb und blau<\/strong><br \/>\n<em><a href=\"https:\/\/atelier-en-galerie-ingrid-slaa.email-provider.eu\/web\/uvjqhn53ak\/xasjyu9wjc\" target=\"_blank\" rel=\"noopener\">lesen Sie den Newsletter:  <\/a><\/em><\/p>\n<p><strong>M\u00e4rz 2026: \u00fcber gro\u00dfe Ausstellungen, neue Formen und ein spannendes Projekt in der Galerie<\/strong><br \/>\n<em><a href=\"https:\/\/atelier-en-galerie-ingrid-slaa.email-provider.eu\/web\/uvjqhn53ak\/clmcvogfq7\" target=\"_blank\" rel=\"noopener\">lesen Sie den Newsletter:  <\/a><\/em><\/p>\n<p><strong>Februar 2026: \u00fcber Spa\u00df im Studio, rote Ellbogen und eine neue Ausstellung<\/strong><br \/>\n<em><a href=\"https:\/\/us14.campaign-archive.com\/?u=7f5b4e179fae97c0fa7a460e6&amp;id=d69652654c\" target=\"_blank\" rel=\"noopener\">lesen Sie den Newsletter:  <\/a><\/em><\/p>\n<p><strong>Januar 2026: \u00fcber das eigene Ausstellen in der Galerie und die Arbeit hinter der N\u00e4hmaschine<\/strong><br \/>\n<em><a href=\"https:\/\/us14.campaign-archive.com\/?u=7f5b4e179fae97c0fa7a460e6&amp;id=b02ededad9\" target=\"_blank\" rel=\"noopener\">lesen Sie den Newsletter:  <\/a><\/em><\/p>\n<p><strong>Dezember 2025: \u00fcber ein lernendes Bild, dreidimensionales Eisen und eine neue Agenda 2026<\/strong><br \/>\n<em><a href=\"https:\/\/us14.campaign-archive.com\/?u=7f5b4e179fae97c0fa7a460e6&amp;id=77cd02acfb\" target=\"_blank\" rel=\"noopener\">lesen Sie den Newsletter:  <\/a><\/em><\/p>\n<p><strong>November 2025: \u00fcber sch\u00f6nes Blau, kleine Kunstwerke und kraftvolle Zeichnungen<\/strong><br \/>\n<em><a href=\"https:\/\/us14.campaign-archive.com\/?u=7f5b4e179fae97c0fa7a460e6&amp;id=7f0628a7b6\" target=\"_blank\" rel=\"noopener\">lesen Sie den Newsletter:  <\/a><\/em><\/p>\n<\/div><\/section><\/div><div  class='flex_column av-3078d4-837c580bd7fba51c576af3503c49994f av_one_fourth  avia-builder-el-4  el_after_av_two_third  avia-builder-el-last  flex_column_div  column-top-margin'     ><\/div><\/p>\n","protected":false},"excerpt":{"rendered":"","protected":false},"author":3,"featured_media":0,"parent":0,"menu_order":0,"comment_status":"closed","ping_status":"closed","template":"","meta":{"inline_featured_image":false,"footnotes":""},"class_list":["post-8475","page","type-page","status-publish","hentry"],"yoast_head":"<!-- This site is optimized with the Yoast SEO plugin v27.4 - https:\/\/yoast.com\/product\/yoast-seo-wordpress\/ -->\n<title>Ingrid Slaa - Atelier und Galerie - Bildende K\u00fcnstlerin - Newsletters<\/title>\n<meta name=\"robots\" content=\"index, follow, max-snippet:-1, max-image-preview:large, max-video-preview:-1\" \/>\n<link rel=\"canonical\" href=\"https:\/\/www.ingridslaa.nl\/de\/newsletters\/\" \/>\n<meta property=\"og:locale\" content=\"de_DE\" \/>\n<meta property=\"og:type\" content=\"article\" \/>\n<meta property=\"og:title\" content=\"Ingrid Slaa - Atelier und Galerie - Bildende K\u00fcnstlerin - Newsletters\" \/>\n<meta property=\"og:url\" content=\"https:\/\/www.ingridslaa.nl\/de\/newsletters\/\" \/>\n<meta property=\"og:site_name\" content=\"Ingrid Slaa\" \/>\n<meta property=\"article:modified_time\" content=\"2026-04-02T15:28:39+00:00\" \/>\n<meta name=\"twitter:card\" content=\"summary_large_image\" \/>\n<meta name=\"twitter:label1\" content=\"Gesch\u00e4tzte Lesezeit\" \/>\n\t<meta name=\"twitter:data1\" content=\"7\u00a0Minuten\" \/>\n<script type=\"application\/ld+json\" class=\"yoast-schema-graph\">{\"@context\":\"https:\\\/\\\/schema.org\",\"@graph\":[{\"@type\":\"WebPage\",\"@id\":\"https:\\\/\\\/www.ingridslaa.nl\\\/de\\\/newsletters\\\/\",\"url\":\"https:\\\/\\\/www.ingridslaa.nl\\\/de\\\/newsletters\\\/\",\"name\":\"Ingrid Slaa - Atelier und Galerie - Bildende K\u00fcnstlerin - Newsletters\",\"isPartOf\":{\"@id\":\"https:\\\/\\\/www.ingridslaa.nl\\\/de\\\/#website\"},\"datePublished\":\"2022-05-05T13:19:58+00:00\",\"dateModified\":\"2026-04-02T15:28:39+00:00\",\"breadcrumb\":{\"@id\":\"https:\\\/\\\/www.ingridslaa.nl\\\/de\\\/newsletters\\\/#breadcrumb\"},\"inLanguage\":\"de\",\"potentialAction\":[{\"@type\":\"ReadAction\",\"target\":[\"https:\\\/\\\/www.ingridslaa.nl\\\/de\\\/newsletters\\\/\"]}]},{\"@type\":\"BreadcrumbList\",\"@id\":\"https:\\\/\\\/www.ingridslaa.nl\\\/de\\\/newsletters\\\/#breadcrumb\",\"itemListElement\":[{\"@type\":\"ListItem\",\"position\":1,\"name\":\"Home\",\"item\":\"https:\\\/\\\/www.ingridslaa.nl\\\/de\\\/startseite\\\/\"},{\"@type\":\"ListItem\",\"position\":2,\"name\":\"Newsletters\"}]},{\"@type\":\"WebSite\",\"@id\":\"https:\\\/\\\/www.ingridslaa.nl\\\/de\\\/#website\",\"url\":\"https:\\\/\\\/www.ingridslaa.nl\\\/de\\\/\",\"name\":\"Ingrid Slaa\",\"description\":\"\",\"potentialAction\":[{\"@type\":\"SearchAction\",\"target\":{\"@type\":\"EntryPoint\",\"urlTemplate\":\"https:\\\/\\\/www.ingridslaa.nl\\\/de\\\/?s={search_term_string}\"},\"query-input\":{\"@type\":\"PropertyValueSpecification\",\"valueRequired\":true,\"valueName\":\"search_term_string\"}}],\"inLanguage\":\"de\"}]}<\/script>\n<!-- \/ Yoast SEO plugin. -->","yoast_head_json":{"title":"Ingrid Slaa - Atelier und Galerie - Bildende K\u00fcnstlerin - Newsletters","robots":{"index":"index","follow":"follow","max-snippet":"max-snippet:-1","max-image-preview":"max-image-preview:large","max-video-preview":"max-video-preview:-1"},"canonical":"https:\/\/www.ingridslaa.nl\/de\/newsletters\/","og_locale":"de_DE","og_type":"article","og_title":"Ingrid Slaa - Atelier und Galerie - Bildende K\u00fcnstlerin - Newsletters","og_url":"https:\/\/www.ingridslaa.nl\/de\/newsletters\/","og_site_name":"Ingrid Slaa","article_modified_time":"2026-04-02T15:28:39+00:00","twitter_card":"summary_large_image","twitter_misc":{"Gesch\u00e4tzte Lesezeit":"7\u00a0Minuten"},"schema":{"@context":"https:\/\/schema.org","@graph":[{"@type":"WebPage","@id":"https:\/\/www.ingridslaa.nl\/de\/newsletters\/","url":"https:\/\/www.ingridslaa.nl\/de\/newsletters\/","name":"Ingrid Slaa - Atelier und Galerie - Bildende K\u00fcnstlerin - Newsletters","isPartOf":{"@id":"https:\/\/www.ingridslaa.nl\/de\/#website"},"datePublished":"2022-05-05T13:19:58+00:00","dateModified":"2026-04-02T15:28:39+00:00","breadcrumb":{"@id":"https:\/\/www.ingridslaa.nl\/de\/newsletters\/#breadcrumb"},"inLanguage":"de","potentialAction":[{"@type":"ReadAction","target":["https:\/\/www.ingridslaa.nl\/de\/newsletters\/"]}]},{"@type":"BreadcrumbList","@id":"https:\/\/www.ingridslaa.nl\/de\/newsletters\/#breadcrumb","itemListElement":[{"@type":"ListItem","position":1,"name":"Home","item":"https:\/\/www.ingridslaa.nl\/de\/startseite\/"},{"@type":"ListItem","position":2,"name":"Newsletters"}]},{"@type":"WebSite","@id":"https:\/\/www.ingridslaa.nl\/de\/#website","url":"https:\/\/www.ingridslaa.nl\/de\/","name":"Ingrid Slaa","description":"","potentialAction":[{"@type":"SearchAction","target":{"@type":"EntryPoint","urlTemplate":"https:\/\/www.ingridslaa.nl\/de\/?s={search_term_string}"},"query-input":{"@type":"PropertyValueSpecification","valueRequired":true,"valueName":"search_term_string"}}],"inLanguage":"de"}]}},"_links":{"self":[{"href":"https:\/\/www.ingridslaa.nl\/de\/wp-json\/wp\/v2\/pages\/8475","targetHints":{"allow":["GET"]}}],"collection":[{"href":"https:\/\/www.ingridslaa.nl\/de\/wp-json\/wp\/v2\/pages"}],"about":[{"href":"https:\/\/www.ingridslaa.nl\/de\/wp-json\/wp\/v2\/types\/page"}],"author":[{"embeddable":true,"href":"https:\/\/www.ingridslaa.nl\/de\/wp-json\/wp\/v2\/users\/3"}],"replies":[{"embeddable":true,"href":"https:\/\/www.ingridslaa.nl\/de\/wp-json\/wp\/v2\/comments?post=8475"}],"version-history":[{"count":62,"href":"https:\/\/www.ingridslaa.nl\/de\/wp-json\/wp\/v2\/pages\/8475\/revisions"}],"predecessor-version":[{"id":21881,"href":"https:\/\/www.ingridslaa.nl\/de\/wp-json\/wp\/v2\/pages\/8475\/revisions\/21881"}],"wp:attachment":[{"href":"https:\/\/www.ingridslaa.nl\/de\/wp-json\/wp\/v2\/media?parent=8475"}],"curies":[{"name":"wp","href":"https:\/\/api.w.org\/{rel}","templated":true}]}}