{"id":8535,"date":"2022-02-15T18:41:30","date_gmt":"2022-02-15T16:41:30","guid":{"rendered":"https:\/\/www.ingridslaa.nl\/sich-einschreiben\/"},"modified":"2026-04-01T11:46:34","modified_gmt":"2026-04-01T09:46:34","slug":"sich-einschreiben","status":"publish","type":"page","link":"https:\/\/www.ingridslaa.nl\/de\/sich-einschreiben\/","title":{"rendered":"sich einschreiben"},"content":{"rendered":"<div  class='flex_column av-3pb2ud-197e30c327fa42e0b0083f3d07086512 av_one_full  avia-builder-el-0  el_before_av_two_fifth  avia-builder-el-first  first flex_column_div  '     ><style type=\"text\/css\" data-created_by=\"avia_inline_auto\" id=\"style-css-av-kzoi4f6d-0417eb602699ea09b8f611f3fefc9f84\">\n#top .av-special-heading.av-kzoi4f6d-0417eb602699ea09b8f611f3fefc9f84{\npadding-bottom:10px;\n}\nbody .av-special-heading.av-kzoi4f6d-0417eb602699ea09b8f611f3fefc9f84 .av-special-heading-tag .heading-char{\nfont-size:25px;\n}\n.av-special-heading.av-kzoi4f6d-0417eb602699ea09b8f611f3fefc9f84 .av-subheading{\nfont-size:15px;\n}\n<\/style>\n<div  class='av-special-heading av-kzoi4f6d-0417eb602699ea09b8f611f3fefc9f84 av-special-heading-h1 blockquote modern-quote  avia-builder-el-1  avia-builder-el-no-sibling '><h1 class='av-special-heading-tag '  itemprop=\"headline\"  >Newsletter-Abonnement<\/h1><div class=\"special-heading-border\"><div class=\"special-heading-inner-border\"><\/div><\/div><\/div><\/div>\n<div  class='flex_column av-2npc9x-7b17a7ee559f638172e7ade5bbfdae66 av_two_fifth  avia-builder-el-2  el_after_av_one_full  el_before_av_three_fifth  first flex_column_div  column-top-margin'     ><p>\n<style type=\"text\/css\" data-created_by=\"avia_inline_auto\" id=\"style-css-av-l1zamjwe-369f0260a956d6fac19ea5d632aa3a41\">\n#top .hr.hr-invisible.av-l1zamjwe-369f0260a956d6fac19ea5d632aa3a41{\nheight:25px;\n}\n<\/style>\n<div  class='hr av-l1zamjwe-369f0260a956d6fac19ea5d632aa3a41 hr-invisible  avia-builder-el-3  el_before_av_image  avia-builder-el-first '><span class='hr-inner '><span class=\"hr-inner-style\"><\/span><\/span><\/div><br \/>\n\n<style type=\"text\/css\" data-created_by=\"avia_inline_auto\" id=\"style-css-av-l1xwgp0m-66b8c45125990358f348e671455db002\">\n.avia-image-container.av-l1xwgp0m-66b8c45125990358f348e671455db002 img.avia_image{\nbox-shadow:none;\n}\n.avia-image-container.av-l1xwgp0m-66b8c45125990358f348e671455db002 .av-image-caption-overlay-center{\ncolor:#ffffff;\n}\n<\/style>\n<div  class='avia-image-container av-l1xwgp0m-66b8c45125990358f348e671455db002 av-styling- avia-align-center  avia-builder-el-4  el_after_av_hr  el_before_av_textblock '   itemprop=\"image\" itemscope=\"itemscope\" itemtype=\"https:\/\/schema.org\/ImageObject\" ><div class=\"avia-image-container-inner\"><div class=\"avia-image-overlay-wrap\"><img decoding=\"async\" fetchpriority=\"high\" class='wp-image-11556 avia-img-lazy-loading-not-11556 avia_image ' src=\"https:\/\/www.ingridslaa.nl\/wp-content\/uploads\/2023\/05\/Logo_IngridSlaa_AG_Zwart-scaled.jpg\" alt='' title='Logoo_IngridSlaa_AG_schwarz'  height=\"650\" width=\"2560\"  itemprop=\"thumbnailUrl\" srcset=\"https:\/\/www.ingridslaa.nl\/wp-content\/uploads\/2023\/05\/Logo_IngridSlaa_AG_Zwart-scaled.jpg 2560w, https:\/\/www.ingridslaa.nl\/wp-content\/uploads\/2023\/05\/Logo_IngridSlaa_AG_Zwart-300x76.jpg 300w, https:\/\/www.ingridslaa.nl\/wp-content\/uploads\/2023\/05\/Logo_IngridSlaa_AG_Zwart-1030x262.jpg 1030w, https:\/\/www.ingridslaa.nl\/wp-content\/uploads\/2023\/05\/Logo_IngridSlaa_AG_Zwart-768x195.jpg 768w, https:\/\/www.ingridslaa.nl\/wp-content\/uploads\/2023\/05\/Logo_IngridSlaa_AG_Zwart-1536x390.jpg 1536w, https:\/\/www.ingridslaa.nl\/wp-content\/uploads\/2023\/05\/Logo_IngridSlaa_AG_Zwart-2048x520.jpg 2048w, https:\/\/www.ingridslaa.nl\/wp-content\/uploads\/2023\/05\/Logo_IngridSlaa_AG_Zwart-1500x381.jpg 1500w, https:\/\/www.ingridslaa.nl\/wp-content\/uploads\/2023\/05\/Logo_IngridSlaa_AG_Zwart-705x179.jpg 705w\" sizes=\"(max-width: 2560px) 100vw, 2560px\" \/><\/div><\/div><\/div><br \/>\n\n<style type=\"text\/css\" data-created_by=\"avia_inline_auto\" id=\"style-css-av-l1xw71bb-c3b74eaa951402e84eb9b324b3985b59\">\n#top .av_textblock_section.av-l1xw71bb-c3b74eaa951402e84eb9b324b3985b59 .avia_textblock{\ntext-align:justify;\n}\n<\/style>\n<section  class='av_textblock_section av-l1xw71bb-c3b74eaa951402e84eb9b324b3985b59 '   itemscope=\"itemscope\" itemtype=\"https:\/\/schema.org\/CreativeWork\" ><div class='avia_textblock'  itemprop=\"text\" ><p>Ich freue mich, neue Werke mit Ihnen zu teilen. Au\u00dferdem erfahren Sie, wo ich ausstelle, was in meiner Galerie los ist und andere Neuigkeiten \u00fcber mein Atelier und meine Galerie. Bleiben Sie gerne auf dem Laufenden? Dann k\u00f6nnen Sie sich hier f\u00fcr meinen Newsletter anmelden. Im Durchschnitt verschicke ich 1 pro Monat, manchmal einen kurzen Brief zwischendurch.<\/p>\n<\/div><\/section><\/p><\/div>\n<div  class='flex_column av-ml52s4g6-2a62becf70fa7cb7e529da360e9b1f0a av_three_fifth  avia-builder-el-6  el_after_av_two_fifth  avia-builder-el-last  flex_column_div  column-top-margin'     ><\/div>\n","protected":false},"excerpt":{"rendered":"","protected":false},"author":3,"featured_media":0,"parent":0,"menu_order":0,"comment_status":"closed","ping_status":"closed","template":"","meta":{"inline_featured_image":false,"footnotes":""},"class_list":["post-8535","page","type-page","status-publish","hentry"],"yoast_head":"<!-- This site is optimized with the Yoast SEO plugin v27.5 - https:\/\/yoast.com\/product\/yoast-seo-wordpress\/ -->\n<title>Ingrid Slaa - Atelier und Galerie - Bildende K\u00fcnstlerin - Anmeldung<\/title>\n<meta name=\"robots\" content=\"index, follow, max-snippet:-1, max-image-preview:large, max-video-preview:-1\" \/>\n<link rel=\"canonical\" href=\"https:\/\/www.ingridslaa.nl\/de\/sich-einschreiben\/\" \/>\n<meta property=\"og:locale\" content=\"de_DE\" \/>\n<meta property=\"og:type\" content=\"article\" \/>\n<meta property=\"og:title\" content=\"Ingrid Slaa - Atelier und Galerie - Bildende K\u00fcnstlerin - Anmeldung\" \/>\n<meta property=\"og:url\" content=\"https:\/\/www.ingridslaa.nl\/de\/sich-einschreiben\/\" \/>\n<meta property=\"og:site_name\" content=\"Ingrid Slaa\" \/>\n<meta property=\"article:modified_time\" content=\"2026-04-01T09:46:34+00:00\" \/>\n<meta name=\"twitter:card\" content=\"summary_large_image\" \/>\n<meta name=\"twitter:label1\" content=\"Gesch\u00e4tzte Lesezeit\" \/>\n\t<meta name=\"twitter:data1\" content=\"9\u00a0Minuten\" \/>\n<script type=\"application\/ld+json\" class=\"yoast-schema-graph\">{\"@context\":\"https:\\\/\\\/schema.org\",\"@graph\":[{\"@type\":\"WebPage\",\"@id\":\"https:\\\/\\\/www.ingridslaa.nl\\\/de\\\/sich-einschreiben\\\/\",\"url\":\"https:\\\/\\\/www.ingridslaa.nl\\\/de\\\/sich-einschreiben\\\/\",\"name\":\"Ingrid Slaa - Atelier und Galerie - Bildende K\u00fcnstlerin - Anmeldung\",\"isPartOf\":{\"@id\":\"https:\\\/\\\/www.ingridslaa.nl\\\/de\\\/#website\"},\"datePublished\":\"2022-02-15T16:41:30+00:00\",\"dateModified\":\"2026-04-01T09:46:34+00:00\",\"breadcrumb\":{\"@id\":\"https:\\\/\\\/www.ingridslaa.nl\\\/de\\\/sich-einschreiben\\\/#breadcrumb\"},\"inLanguage\":\"de\",\"potentialAction\":[{\"@type\":\"ReadAction\",\"target\":[\"https:\\\/\\\/www.ingridslaa.nl\\\/de\\\/sich-einschreiben\\\/\"]}]},{\"@type\":\"BreadcrumbList\",\"@id\":\"https:\\\/\\\/www.ingridslaa.nl\\\/de\\\/sich-einschreiben\\\/#breadcrumb\",\"itemListElement\":[{\"@type\":\"ListItem\",\"position\":1,\"name\":\"Home\",\"item\":\"https:\\\/\\\/www.ingridslaa.nl\\\/de\\\/startseite\\\/\"},{\"@type\":\"ListItem\",\"position\":2,\"name\":\"sich einschreiben\"}]},{\"@type\":\"WebSite\",\"@id\":\"https:\\\/\\\/www.ingridslaa.nl\\\/de\\\/#website\",\"url\":\"https:\\\/\\\/www.ingridslaa.nl\\\/de\\\/\",\"name\":\"Ingrid Slaa\",\"description\":\"\",\"potentialAction\":[{\"@type\":\"SearchAction\",\"target\":{\"@type\":\"EntryPoint\",\"urlTemplate\":\"https:\\\/\\\/www.ingridslaa.nl\\\/de\\\/?s={search_term_string}\"},\"query-input\":{\"@type\":\"PropertyValueSpecification\",\"valueRequired\":true,\"valueName\":\"search_term_string\"}}],\"inLanguage\":\"de\"}]}<\/script>\n<!-- \/ Yoast SEO plugin. -->","yoast_head_json":{"title":"Ingrid Slaa - Atelier und Galerie - Bildende K\u00fcnstlerin - Anmeldung","robots":{"index":"index","follow":"follow","max-snippet":"max-snippet:-1","max-image-preview":"max-image-preview:large","max-video-preview":"max-video-preview:-1"},"canonical":"https:\/\/www.ingridslaa.nl\/de\/sich-einschreiben\/","og_locale":"de_DE","og_type":"article","og_title":"Ingrid Slaa - Atelier und Galerie - Bildende K\u00fcnstlerin - Anmeldung","og_url":"https:\/\/www.ingridslaa.nl\/de\/sich-einschreiben\/","og_site_name":"Ingrid Slaa","article_modified_time":"2026-04-01T09:46:34+00:00","twitter_card":"summary_large_image","twitter_misc":{"Gesch\u00e4tzte Lesezeit":"9\u00a0Minuten"},"schema":{"@context":"https:\/\/schema.org","@graph":[{"@type":"WebPage","@id":"https:\/\/www.ingridslaa.nl\/de\/sich-einschreiben\/","url":"https:\/\/www.ingridslaa.nl\/de\/sich-einschreiben\/","name":"Ingrid Slaa - Atelier und Galerie - Bildende K\u00fcnstlerin - Anmeldung","isPartOf":{"@id":"https:\/\/www.ingridslaa.nl\/de\/#website"},"datePublished":"2022-02-15T16:41:30+00:00","dateModified":"2026-04-01T09:46:34+00:00","breadcrumb":{"@id":"https:\/\/www.ingridslaa.nl\/de\/sich-einschreiben\/#breadcrumb"},"inLanguage":"de","potentialAction":[{"@type":"ReadAction","target":["https:\/\/www.ingridslaa.nl\/de\/sich-einschreiben\/"]}]},{"@type":"BreadcrumbList","@id":"https:\/\/www.ingridslaa.nl\/de\/sich-einschreiben\/#breadcrumb","itemListElement":[{"@type":"ListItem","position":1,"name":"Home","item":"https:\/\/www.ingridslaa.nl\/de\/startseite\/"},{"@type":"ListItem","position":2,"name":"sich einschreiben"}]},{"@type":"WebSite","@id":"https:\/\/www.ingridslaa.nl\/de\/#website","url":"https:\/\/www.ingridslaa.nl\/de\/","name":"Ingrid Slaa","description":"","potentialAction":[{"@type":"SearchAction","target":{"@type":"EntryPoint","urlTemplate":"https:\/\/www.ingridslaa.nl\/de\/?s={search_term_string}"},"query-input":{"@type":"PropertyValueSpecification","valueRequired":true,"valueName":"search_term_string"}}],"inLanguage":"de"}]}},"_links":{"self":[{"href":"https:\/\/www.ingridslaa.nl\/de\/wp-json\/wp\/v2\/pages\/8535","targetHints":{"allow":["GET"]}}],"collection":[{"href":"https:\/\/www.ingridslaa.nl\/de\/wp-json\/wp\/v2\/pages"}],"about":[{"href":"https:\/\/www.ingridslaa.nl\/de\/wp-json\/wp\/v2\/types\/page"}],"author":[{"embeddable":true,"href":"https:\/\/www.ingridslaa.nl\/de\/wp-json\/wp\/v2\/users\/3"}],"replies":[{"embeddable":true,"href":"https:\/\/www.ingridslaa.nl\/de\/wp-json\/wp\/v2\/comments?post=8535"}],"version-history":[{"count":31,"href":"https:\/\/www.ingridslaa.nl\/de\/wp-json\/wp\/v2\/pages\/8535\/revisions"}],"predecessor-version":[{"id":21770,"href":"https:\/\/www.ingridslaa.nl\/de\/wp-json\/wp\/v2\/pages\/8535\/revisions\/21770"}],"wp:attachment":[{"href":"https:\/\/www.ingridslaa.nl\/de\/wp-json\/wp\/v2\/media?parent=8535"}],"curies":[{"name":"wp","href":"https:\/\/api.w.org\/{rel}","templated":true}]}}