{"id":9477,"date":"2018-09-15T07:37:02","date_gmt":"2018-09-15T05:37:02","guid":{"rendered":"https:\/\/www.ingridslaa.nl\/kontakt\/"},"modified":"2023-05-10T16:27:19","modified_gmt":"2023-05-10T14:27:19","slug":"kontakt","status":"publish","type":"page","link":"https:\/\/www.ingridslaa.nl\/de\/kontakt\/","title":{"rendered":"Kontakt"},"content":{"rendered":"<div  class='flex_column av-3iu6u-b6c6a74c8ad1276a874bbdd9b4b9028b av_one_fifth  avia-builder-el-0  el_before_av_one_third  avia-builder-el-first  first flex_column_div  '     ><\/div>\n<style type=\"text\/css\" data-created_by=\"avia_inline_auto\" id=\"style-css-av-oiuu-3ad10e7a1163796c188ab803ad3f68cf\">\n.flex_column.av-oiuu-3ad10e7a1163796c188ab803ad3f68cf{\nborder-radius:0px 0px 0px 0px;\npadding:0px 0px 0px 0px;\n}\n<\/style>\n<div  class='flex_column av-oiuu-3ad10e7a1163796c188ab803ad3f68cf av_one_third  avia-builder-el-1  el_after_av_one_fifth  el_before_av_one_fourth  flex_column_div av-zero-column-padding  '     ><style type=\"text\/css\" data-created_by=\"avia_inline_auto\" id=\"style-css-av-1ajiy-e6343decd952aca7eb5a1a5c2c7f91e9\">\n#top .av-special-heading.av-1ajiy-e6343decd952aca7eb5a1a5c2c7f91e9{\npadding-bottom:10px;\n}\nbody .av-special-heading.av-1ajiy-e6343decd952aca7eb5a1a5c2c7f91e9 .av-special-heading-tag .heading-char{\nfont-size:25px;\n}\n.av-special-heading.av-1ajiy-e6343decd952aca7eb5a1a5c2c7f91e9 .av-subheading{\nfont-size:15px;\n}\n<\/style>\n<div  class='av-special-heading av-1ajiy-e6343decd952aca7eb5a1a5c2c7f91e9 av-special-heading-h1 blockquote modern-quote  avia-builder-el-2  avia-builder-el-no-sibling '><h1 class='av-special-heading-tag '  itemprop=\"headline\"  >Kontakt<\/h1><div class=\"special-heading-border\"><div class=\"special-heading-inner-border\"><\/div><\/div><\/div><\/div>\n<style type=\"text\/css\" data-created_by=\"avia_inline_auto\" id=\"style-css-av-1m1hq-f96eb19efe88e5ffbbe8647c6b36295d\">\n.flex_column.av-1m1hq-f96eb19efe88e5ffbbe8647c6b36295d{\nborder-radius:0px 0px 0px 0px;\npadding:0px 0px 0px 0px;\n}\n<\/style>\n<div  class='flex_column av-1m1hq-f96eb19efe88e5ffbbe8647c6b36295d av_one_fourth  avia-builder-el-3  el_after_av_one_third  el_before_av_one_fifth  flex_column_div av-zero-column-padding  '     ><style type=\"text\/css\" data-created_by=\"avia_inline_auto\" id=\"style-css-av-lhhslkde-5b14789aecd8990cbfc2b4ac5ee92820\">\n.avia-image-container.av-lhhslkde-5b14789aecd8990cbfc2b4ac5ee92820 img.avia_image{\nbox-shadow:none;\n}\n.avia-image-container.av-lhhslkde-5b14789aecd8990cbfc2b4ac5ee92820 .av-image-caption-overlay-center{\ncolor:#ffffff;\n}\n<\/style>\n<div  class='avia-image-container av-lhhslkde-5b14789aecd8990cbfc2b4ac5ee92820 av-styling- avia-align-center  avia-builder-el-4  avia-builder-el-no-sibling '   itemprop=\"image\" itemscope=\"itemscope\" itemtype=\"https:\/\/schema.org\/ImageObject\" ><div class=\"avia-image-container-inner\"><div class=\"avia-image-overlay-wrap\"><img decoding=\"async\" fetchpriority=\"high\" class='wp-image-11567 avia-img-lazy-loading-not-11567 avia_image ' src=\"https:\/\/www.ingridslaa.nl\/wp-content\/uploads\/2023\/05\/Logo_IngridSlaa_AG_Zwart.svg\" alt='' title='Logo_IngridSlaa_AG_Zwart'  height=\"1\" width=\"1\"  itemprop=\"thumbnailUrl\"  \/><\/div><\/div><\/div><\/div>\n<style type=\"text\/css\" data-created_by=\"avia_inline_auto\" id=\"style-css-av-ymo2-36f8cb5863de7b9b06bd82d87bdbc377\">\n.flex_column.av-ymo2-36f8cb5863de7b9b06bd82d87bdbc377{\nborder-radius:0px 0px 0px 0px;\npadding:0px 0px 0px 0px;\n}\n<\/style>\n<div  class='flex_column av-ymo2-36f8cb5863de7b9b06bd82d87bdbc377 av_one_fifth  avia-builder-el-5  el_after_av_one_fourth  el_before_av_one_fifth  flex_column_div av-zero-column-padding  '     ><\/div><div  class='flex_column av-2tvnm-194af81de58dee0ac2600eaeec546a34 av_one_fifth  avia-builder-el-6  el_after_av_one_fifth  el_before_av_three_fifth  first flex_column_div  column-top-margin'     ><\/div><div  class='flex_column av-267ne-d14c90b05bfecf4549c6deca23f31b26 av_three_fifth  avia-builder-el-7  el_after_av_one_fifth  el_before_av_one_fifth  flex_column_div  column-top-margin'     ><p><form action=\"https:\/\/www.ingridslaa.nl\/de\/kontakt\/\" method=\"post\" data-fields-with-error=\"Fehler wurden in folgenden Feld(ern) gefunden:\" class=\"avia_ajax_form av-form-labels-visible   avia-builder-el-8  el_before_av_hr  avia-builder-el-first  av-show-form-errors   \" data-avia-form-id=\"1\" data-avia-redirect='' ><fieldset><p class='  first_form  form_element form_element_half' id='element_avia_1_1'><label for=\"avia_1_1\">Vorname <abbr class=\"required\" title=\"ben\u00f6tigt\">*<\/abbr><\/label> <input name=\"avia_1_1\" class=\"text_input is_empty\" type=\"text\" id=\"avia_1_1\" value=\"\" \/><\/p><p class='  form_element form_element_half' id='element_avia_2_1'><label for=\"avia_2_1\">Nachname <abbr class=\"required\" title=\"ben\u00f6tigt\">*<\/abbr><\/label> <input name=\"avia_2_1\" class=\"text_input is_empty\" type=\"text\" id=\"avia_2_1\" value=\"\" \/><\/p><p class='  first_form  form_element form_element_half' id='element_avia_3_1'><label for=\"avia_3_1\">E-Mail Adresse <abbr class=\"required\" title=\"ben\u00f6tigt\">*<\/abbr><\/label> <input name=\"avia_3_1\" class=\"text_input is_email\" type=\"text\" id=\"avia_3_1\" value=\"\" \/><\/p><p class='  form_element form_element_half' id='element_avia_4_1'><label for=\"avia_4_1\">Rufnummer <abbr class=\"required\" title=\"ben\u00f6tigt\">*<\/abbr><\/label> <input name=\"avia_4_1\" class=\"text_input is_phone\" type=\"text\" id=\"avia_4_1\" value=\"\" \/><\/p><p class='  first_form  form_element form_fullwidth' id='element_avia_5_1'><label for=\"avia_5_1\">Thema <abbr class=\"required\" title=\"ben\u00f6tigt\">*<\/abbr><\/label> <input name=\"avia_5_1\" class=\"text_input is_empty\" type=\"text\" id=\"avia_5_1\" value=\"\" \/><\/p><p class='  first_form  form_element form_fullwidth' id='element_avia_6_1'><label for=\"avia_6_1\" class=\"textare_label hidden textare_label_avia_6_1\">Nachricht <abbr class=\"required\" title=\"ben\u00f6tigt\">*<\/abbr><\/label><textarea  name=\"avia_6_1\" class=\"text_area is_empty\" cols=\"40\" rows=\"7\" id=\"avia_6_1\" ><\/textarea><\/p><p class=\"hidden\"><input type=\"text\" name=\"avia_7_1\" class=\"hidden \" id=\"avia_7_1\" value=\"\" \/><\/p><div id='avia_8_1' class='av-recaptcha-area  first_form  form_element form_fullwidth av-last-visible-form-element '  data-container_class=\"\" data-custom_class=\"\" data-context=\"av_contact_form\" data-token_input=\"av_recaptcha_token\" data-version=\"avia_recaptcha_v3\" data-theme=\"light\" data-size=\"normal\" data-score=\"0.5\" data-text_to_preview=\"\" data-value=\"\"><div class=\"av-google-badge-message hidden\">Diese Seite wird durch reCAPTCHA gesch\u00fctzt und es gelten die Google <a href=\"https:\/\/policies.google.com\/privacy\">Datenschutzerkl\u00e4rungen<\/a> und <a href=\"https:\/\/policies.google.com\/terms\">Nutzungsbedingungen<\/a><\/div><\/div><p class=' av_form_privacy_check av_contact_privacy_check first_form  form_element form_fullwidth' id='element_avia_9_1'><input  name=\"avia_9_1\" class=\"input_checkbox is_empty\" type=\"checkbox\" id=\"avia_9_1\" value=\"true\"\/><label class=\"input_checkbox_label\" for=\"avia_9_1\">Ik ga akkoord met de voorwaarden die staan beschreven in de <a href='https:\/\/www.ingridslaa.nl\/privacyverklaring\/' target='_blank'>Privacyverklaring<\/a> <abbr class=\"required\" title=\"ben\u00f6tigt\">*<\/abbr><\/label><\/p><p class=\"form_element \"><input type=\"hidden\" value=\"1\" name=\"avia_generated_form1\" \/><input type=\"submit\" value=\"senden.\" class=\"button\"  data-sending-label=\"Sende\"\/><\/p><\/fieldset><div class=\"avia-disabled-form\">Dieses Kontaktformular ist momentan deaktiviert, da Sie den Google reCAPTCHA-Service noch nicht akzeptiert haben. Dieser ist f\u00fcr die Validierung des Sendevorgangs jedoch notwendig<\/div><\/form><div id=\"ajaxresponse_1\" class=\"ajaxresponse ajaxresponse_1 hidden\"><\/div><br \/>\n<div  class='hr av-1geem-c5759074989373dec0cf7f66fcd75590 hr-default  avia-builder-el-9  el_after_av_contact  avia-builder-el-last '><span class='hr-inner '><span class=\"hr-inner-style\"><\/span><\/span><\/div><\/p><\/div><div  class='flex_column av-ueyy-c8af53e9388b870d0924b694e0442b48 av_one_fifth  avia-builder-el-10  el_after_av_three_fifth  avia-builder-el-last  flex_column_div  column-top-margin'     ><p>\n<style type=\"text\/css\" data-created_by=\"avia_inline_auto\" id=\"style-css-av-jm64zuzh-1-f91857b2aaad7b5261ce653d445765e4\">\n#top .hr.hr-invisible.av-jm64zuzh-1-f91857b2aaad7b5261ce653d445765e4{\nheight:85px;\n}\n<\/style>\n<div  class='hr av-jm64zuzh-1-f91857b2aaad7b5261ce653d445765e4 hr-invisible  avia-builder-el-11  el_before_av_codeblock  avia-builder-el-first '><span class='hr-inner '><span class=\"hr-inner-style\"><\/span><\/span><\/div><br \/>\n<\/p><\/div><\/p>\n","protected":false},"excerpt":{"rendered":"","protected":false},"author":1,"featured_media":0,"parent":0,"menu_order":0,"comment_status":"closed","ping_status":"closed","template":"","meta":{"inline_featured_image":false,"footnotes":""},"class_list":["post-9477","page","type-page","status-publish","hentry"],"yoast_head":"<!-- This site is optimized with the Yoast SEO plugin v27.5 - https:\/\/yoast.com\/product\/yoast-seo-wordpress\/ -->\n<title>Ingrid Slaa - Atelier und Galerie - Bildende K\u00fcnstlerin - Kontakt<\/title>\n<meta name=\"description\" content=\"M\u00f6chten Sie mit der K\u00fcnstlerin Ingrid Slaa Kontakt aufnehmen, um einen Termin im Atelier zu vereinbaren, die Galerie zu besuchen oder haben Sie eine Frage? Kontaktinformationen finden Sie hier.\" \/>\n<meta name=\"robots\" content=\"index, follow, max-snippet:-1, max-image-preview:large, max-video-preview:-1\" \/>\n<link rel=\"canonical\" href=\"https:\/\/www.ingridslaa.nl\/de\/kontakt\/\" \/>\n<meta property=\"og:locale\" content=\"de_DE\" \/>\n<meta property=\"og:type\" content=\"article\" \/>\n<meta property=\"og:title\" content=\"Ingrid Slaa - Atelier und Galerie - Bildende K\u00fcnstlerin - Kontakt\" \/>\n<meta property=\"og:description\" content=\"M\u00f6chten Sie mit der K\u00fcnstlerin Ingrid Slaa Kontakt aufnehmen, um einen Termin im Atelier zu vereinbaren, die Galerie zu besuchen oder haben Sie eine Frage? Kontaktinformationen finden Sie hier.\" \/>\n<meta property=\"og:url\" content=\"https:\/\/www.ingridslaa.nl\/de\/kontakt\/\" \/>\n<meta property=\"og:site_name\" content=\"Ingrid Slaa\" \/>\n<meta property=\"article:modified_time\" content=\"2023-05-10T14:27:19+00:00\" \/>\n<meta name=\"twitter:card\" content=\"summary_large_image\" \/>\n<meta name=\"twitter:label1\" content=\"Gesch\u00e4tzte Lesezeit\" \/>\n\t<meta name=\"twitter:data1\" content=\"14\u00a0Minuten\" \/>\n<script type=\"application\/ld+json\" class=\"yoast-schema-graph\">{\"@context\":\"https:\\\/\\\/schema.org\",\"@graph\":[{\"@type\":\"WebPage\",\"@id\":\"https:\\\/\\\/www.ingridslaa.nl\\\/de\\\/kontakt\\\/\",\"url\":\"https:\\\/\\\/www.ingridslaa.nl\\\/de\\\/kontakt\\\/\",\"name\":\"Ingrid Slaa - Atelier und Galerie - Bildende K\u00fcnstlerin - Kontakt\",\"isPartOf\":{\"@id\":\"https:\\\/\\\/www.ingridslaa.nl\\\/de\\\/#website\"},\"datePublished\":\"2018-09-15T05:37:02+00:00\",\"dateModified\":\"2023-05-10T14:27:19+00:00\",\"description\":\"M\u00f6chten Sie mit der K\u00fcnstlerin Ingrid Slaa Kontakt aufnehmen, um einen Termin im Atelier zu vereinbaren, die Galerie zu besuchen oder haben Sie eine Frage? Kontaktinformationen finden Sie hier.\",\"breadcrumb\":{\"@id\":\"https:\\\/\\\/www.ingridslaa.nl\\\/de\\\/kontakt\\\/#breadcrumb\"},\"inLanguage\":\"de\",\"potentialAction\":[{\"@type\":\"ReadAction\",\"target\":[\"https:\\\/\\\/www.ingridslaa.nl\\\/de\\\/kontakt\\\/\"]}]},{\"@type\":\"BreadcrumbList\",\"@id\":\"https:\\\/\\\/www.ingridslaa.nl\\\/de\\\/kontakt\\\/#breadcrumb\",\"itemListElement\":[{\"@type\":\"ListItem\",\"position\":1,\"name\":\"Home\",\"item\":\"https:\\\/\\\/www.ingridslaa.nl\\\/de\\\/startseite\\\/\"},{\"@type\":\"ListItem\",\"position\":2,\"name\":\"Kontakt\"}]},{\"@type\":\"WebSite\",\"@id\":\"https:\\\/\\\/www.ingridslaa.nl\\\/de\\\/#website\",\"url\":\"https:\\\/\\\/www.ingridslaa.nl\\\/de\\\/\",\"name\":\"Ingrid Slaa\",\"description\":\"\",\"potentialAction\":[{\"@type\":\"SearchAction\",\"target\":{\"@type\":\"EntryPoint\",\"urlTemplate\":\"https:\\\/\\\/www.ingridslaa.nl\\\/de\\\/?s={search_term_string}\"},\"query-input\":{\"@type\":\"PropertyValueSpecification\",\"valueRequired\":true,\"valueName\":\"search_term_string\"}}],\"inLanguage\":\"de\"}]}<\/script>\n<!-- \/ Yoast SEO plugin. -->","yoast_head_json":{"title":"Ingrid Slaa - Atelier und Galerie - Bildende K\u00fcnstlerin - Kontakt","description":"M\u00f6chten Sie mit der K\u00fcnstlerin Ingrid Slaa Kontakt aufnehmen, um einen Termin im Atelier zu vereinbaren, die Galerie zu besuchen oder haben Sie eine Frage? Kontaktinformationen finden Sie hier.","robots":{"index":"index","follow":"follow","max-snippet":"max-snippet:-1","max-image-preview":"max-image-preview:large","max-video-preview":"max-video-preview:-1"},"canonical":"https:\/\/www.ingridslaa.nl\/de\/kontakt\/","og_locale":"de_DE","og_type":"article","og_title":"Ingrid Slaa - Atelier und Galerie - Bildende K\u00fcnstlerin - Kontakt","og_description":"M\u00f6chten Sie mit der K\u00fcnstlerin Ingrid Slaa Kontakt aufnehmen, um einen Termin im Atelier zu vereinbaren, die Galerie zu besuchen oder haben Sie eine Frage? Kontaktinformationen finden Sie hier.","og_url":"https:\/\/www.ingridslaa.nl\/de\/kontakt\/","og_site_name":"Ingrid Slaa","article_modified_time":"2023-05-10T14:27:19+00:00","twitter_card":"summary_large_image","twitter_misc":{"Gesch\u00e4tzte Lesezeit":"14\u00a0Minuten"},"schema":{"@context":"https:\/\/schema.org","@graph":[{"@type":"WebPage","@id":"https:\/\/www.ingridslaa.nl\/de\/kontakt\/","url":"https:\/\/www.ingridslaa.nl\/de\/kontakt\/","name":"Ingrid Slaa - Atelier und Galerie - Bildende K\u00fcnstlerin - Kontakt","isPartOf":{"@id":"https:\/\/www.ingridslaa.nl\/de\/#website"},"datePublished":"2018-09-15T05:37:02+00:00","dateModified":"2023-05-10T14:27:19+00:00","description":"M\u00f6chten Sie mit der K\u00fcnstlerin Ingrid Slaa Kontakt aufnehmen, um einen Termin im Atelier zu vereinbaren, die Galerie zu besuchen oder haben Sie eine Frage? Kontaktinformationen finden Sie hier.","breadcrumb":{"@id":"https:\/\/www.ingridslaa.nl\/de\/kontakt\/#breadcrumb"},"inLanguage":"de","potentialAction":[{"@type":"ReadAction","target":["https:\/\/www.ingridslaa.nl\/de\/kontakt\/"]}]},{"@type":"BreadcrumbList","@id":"https:\/\/www.ingridslaa.nl\/de\/kontakt\/#breadcrumb","itemListElement":[{"@type":"ListItem","position":1,"name":"Home","item":"https:\/\/www.ingridslaa.nl\/de\/startseite\/"},{"@type":"ListItem","position":2,"name":"Kontakt"}]},{"@type":"WebSite","@id":"https:\/\/www.ingridslaa.nl\/de\/#website","url":"https:\/\/www.ingridslaa.nl\/de\/","name":"Ingrid Slaa","description":"","potentialAction":[{"@type":"SearchAction","target":{"@type":"EntryPoint","urlTemplate":"https:\/\/www.ingridslaa.nl\/de\/?s={search_term_string}"},"query-input":{"@type":"PropertyValueSpecification","valueRequired":true,"valueName":"search_term_string"}}],"inLanguage":"de"}]}},"_links":{"self":[{"href":"https:\/\/www.ingridslaa.nl\/de\/wp-json\/wp\/v2\/pages\/9477","targetHints":{"allow":["GET"]}}],"collection":[{"href":"https:\/\/www.ingridslaa.nl\/de\/wp-json\/wp\/v2\/pages"}],"about":[{"href":"https:\/\/www.ingridslaa.nl\/de\/wp-json\/wp\/v2\/types\/page"}],"author":[{"embeddable":true,"href":"https:\/\/www.ingridslaa.nl\/de\/wp-json\/wp\/v2\/users\/1"}],"replies":[{"embeddable":true,"href":"https:\/\/www.ingridslaa.nl\/de\/wp-json\/wp\/v2\/comments?post=9477"}],"version-history":[{"count":22,"href":"https:\/\/www.ingridslaa.nl\/de\/wp-json\/wp\/v2\/pages\/9477\/revisions"}],"predecessor-version":[{"id":11802,"href":"https:\/\/www.ingridslaa.nl\/de\/wp-json\/wp\/v2\/pages\/9477\/revisions\/11802"}],"wp:attachment":[{"href":"https:\/\/www.ingridslaa.nl\/de\/wp-json\/wp\/v2\/media?parent=9477"}],"curies":[{"name":"wp","href":"https:\/\/api.w.org\/{rel}","templated":true}]}}