{"id":9943,"date":"2018-09-14T16:47:24","date_gmt":"2018-09-14T14:47:24","guid":{"rendered":"https:\/\/www.ingridslaa.nl\/erklaerung-zum-datenschutz\/"},"modified":"2026-01-02T16:28:18","modified_gmt":"2026-01-02T14:28:18","slug":"erklaerung-zum-datenschutz","status":"publish","type":"page","link":"https:\/\/www.ingridslaa.nl\/de\/erklaerung-zum-datenschutz\/","title":{"rendered":"Erkl\u00e4rung zum Datenschutz"},"content":{"rendered":"\n<style type=\"text\/css\" data-created_by=\"avia_inline_auto\" id=\"style-css-av-jm3d2bsy-5b4e71804c60f2eb5ee891d6c1e5a9ac\">\n#top .hr.hr-invisible.av-jm3d2bsy-5b4e71804c60f2eb5ee891d6c1e5a9ac{\nheight:50px;\n}\n<\/style>\n<div  class='hr av-jm3d2bsy-5b4e71804c60f2eb5ee891d6c1e5a9ac hr-invisible  avia-builder-el-0  el_before_av_one_full  avia-builder-el-first '><span class='hr-inner '><span class=\"hr-inner-style\"><\/span><\/span><\/div>\n\n<style type=\"text\/css\" data-created_by=\"avia_inline_auto\" id=\"style-css-av-5lvl-874d65875e7ea63e0d915b74a216124e\">\n.flex_column.av-5lvl-874d65875e7ea63e0d915b74a216124e{\nborder-radius:0px 0px 0px 0px;\npadding:0px 0px 0px 0px;\n}\n<\/style>\n<div  class='flex_column av-5lvl-874d65875e7ea63e0d915b74a216124e av_one_full  avia-builder-el-1  el_after_av_hr  avia-builder-el-last  first flex_column_div av-zero-column-padding  '     ><p>\n<style type=\"text\/css\" data-created_by=\"avia_inline_auto\" id=\"style-css-av-3x2z-8b5cdc2434fae80f73d55f95ce4e6378\">\n#top .av-special-heading.av-3x2z-8b5cdc2434fae80f73d55f95ce4e6378{\npadding-bottom:10px;\n}\nbody .av-special-heading.av-3x2z-8b5cdc2434fae80f73d55f95ce4e6378 .av-special-heading-tag .heading-char{\nfont-size:25px;\n}\n.av-special-heading.av-3x2z-8b5cdc2434fae80f73d55f95ce4e6378 .av-subheading{\nfont-size:15px;\n}\n<\/style>\n<div  class='av-special-heading av-3x2z-8b5cdc2434fae80f73d55f95ce4e6378 av-special-heading-h1 blockquote modern-quote  avia-builder-el-2  el_before_av_textblock  avia-builder-el-first '><h1 class='av-special-heading-tag '  itemprop=\"headline\"  >Erkl\u00e4rung zum Datenschutz<\/h1><div class=\"special-heading-border\"><div class=\"special-heading-inner-border\"><\/div><\/div><\/div><br \/>\n<section  class='av_textblock_section av-aoj-e3df1c1ec64446e5ac71b5789484de79 '   itemscope=\"itemscope\" itemtype=\"https:\/\/schema.org\/CreativeWork\" ><div class='avia_textblock'  itemprop=\"text\" ><p>Die Website ingridslaa.nl verwendet Cookies. Dies sind kleine Dateien, die mit den Seiten dieser Website verschickt und von Ihrem Browser auf der Festplatte Ihres Computers gespeichert werden. Die darin gespeicherten Informationen k\u00f6nnen bei einem sp\u00e4teren Besuch an unsere Server zur\u00fcckgesendet werden. Dies erleichtert Ihnen die Nutzung der Website. Cookies erm\u00f6glichen es Ihnen beispielsweise, auf einer Website eingeloggt zu bleiben oder sich an Ihre Pr\u00e4ferenzen zu erinnern, wie z. B. Standort- und Spracheinstellungen.<\/p>\n<h3>ARTEN VON COOKIES<\/h3>\n<p><strong>Funktionale Cookies<\/strong><\/p>\n<p>Dies sind Cookies, die notwendig sind, damit eine Website ordnungsgem\u00e4\u00df funktioniert oder um Ihnen die Nutzung der Website zu erleichtern. Denken Sie zum Beispiel daran, Ihre Anmeldedaten zu speichern, damit Sie sich nicht jedes Mal neu anmelden m\u00fcssen. Das Speichern des Inhalts Ihres Warenkorbs oder das Schlie\u00dfen der Cookie-Benachrichtigung fallen ebenfalls unter die funktionalen Cookies.<\/p>\n<p><strong>Analytische Cookies<\/strong><\/p>\n<p>Dies sind Cookies, die zur Messung des Besucherverhaltens auf dieser Website gesetzt werden, um es zu analysieren. Wir verwenden diese Informationen, um die Website so optimal wie m\u00f6glich zu gestalten.<\/p>\n<p><strong>Tracking-Cookies<\/strong><\/p>\n<p>Diese Cookies werden verwendet, um Ihr Surfverhalten innerhalb einer oder mehrerer Websites zu speichern. So k\u00f6nnen Ihnen personalisierte Angebote gemacht werden. Bei den Tracking-Cookies auf dieser Website handelt es sich um so genannte &#8220;Drittanbieter-Cookies&#8220;. Das bedeutet, dass diese Cookies nicht von uns, sondern von einer anderen Partei gesetzt werden. Dies geschieht in dem Moment, in dem Sie \u00fcber diese Website auf Dateien zugreifen, die bei dieser anderen Partei gespeichert sind. Nehmen wir zum Beispiel YouTube. Wenn Sie \u00fcber diese Website ein YouTube-Video ansehen, legt YouTube ein Cookie f\u00fcr Sie ab.<\/p>\n<h3>ANZEIGE<\/h3>\n<p>Nicht alle Cookies werden zur Erfassung Ihrer Daten erstellt. Funktionale Cookies beispielsweise erheben keine personenbezogenen Daten. F\u00fcr das Setzen dieser Cookies ist keine Zustimmung erforderlich. Sie werden daher sofort geladen, wenn Sie die Website besuchen. Bei analytischen Cookies ist es manchmal, aber nicht immer, erforderlich, die vorherige Zustimmung zu ihrer Platzierung einzuholen. Das h\u00e4ngt von den verwendeten Einstellungen ab. Diese Website benutzt Google Analytics. Bei der Einrichtung des Systems haben wir uns an das Handbuch der Beh\u00f6rde f\u00fcr personenbezogene Daten gehalten. Die Einstellungen sind daher &#8220;sicher&#8220;, so dass dieses Cookie ohne Ihre Zustimmung gesetzt werden kann. Sie wird also sofort geladen, wenn Sie die Website besuchen. Tracking-Cookies erfordern immer Ihre Zustimmung, bevor sie platziert werden k\u00f6nnen. Diese Cookies werden daher nur geladen, wenn Sie Ihre Zustimmung gegeben haben. ingridslaa.de verwendet Cookies auf dieser Website. Dies sind kleine Dateien, die mit den Seiten dieser Website verschickt und von Ihrem Browser auf der Festplatte Ihres Computers gespeichert werden. Es gibt verschiedene Arten von Cookies, die f\u00fcr unterschiedliche Zwecke verwendet werden. Das Setzen von Cookies erfordert manchmal eine Zustimmung und manchmal nicht.<\/p>\n<p>Ihre Genehmigung gilt f\u00fcr die folgende Domain: ingridslaa.co.uk<\/p>\n<p>Schaltfl\u00e4chen f\u00fcr soziale Medien (Twitter, LinkedIn, Facebook) Die Schaltfl\u00e4chen f\u00fcr soziale Medien auf dieser Website enthalten keine Cookies. Es handelt sich um Links zur Website der betreffenden Plattform (z. B. Twitter). Wenn Sie diesen Link benutzen, verlassen Sie unsere Website und gelangen so z.B. zu Twitter. Dort gelten die Datenschutz- und Cookie-Richtlinien der jeweiligen Plattform. Darauf haben wir keinen Einfluss und k\u00f6nnen daher nicht f\u00fcr sie b\u00fcrgen. Wenn Sie wissen wollen, wie sie mit Cookies umgehen, sollten Sie ihre Website besuchen.<\/p>\n<h3>RECHT AUF ZUGANG UND BERICHTIGUNG ODER L\u00d6SCHUNG VON DATEN<\/h3>\n<p>Sie haben das Recht, Zugang zu Ihren (personenbezogenen) Daten und deren Berichtigung oder L\u00f6schung zu verlangen. Um Missbrauch vorzubeugen, k\u00f6nnen wir Sie bitten, sich in diesem Fall angemessen zu identifizieren. Wenn es um den Zugriff auf personenbezogene Daten geht, die mit einem Cookie verkn\u00fcpft sind, sollten Sie eine Kopie des betreffenden Cookies \u00fcbermitteln. Sie finden sie in den Einstellungen Ihres Browsers.<\/p>\n<h3>\u00c4NDERUNGEN UND KONTAKT<\/h3>\n<p>Von Zeit zu Zeit kann es erforderlich sein, dass wir diese Datenschutzerkl\u00e4rung \u00e4ndern. Wir empfehlen, regelm\u00e4\u00dfig hierher zur\u00fcckzukehren, um sich \u00fcber \u00c4nderungen zu informieren. Wenn Sie weitere Fragen und\/oder Anmerkungen haben, wenden Sie sich bitte an <a href=\"mailto:info@ingridslaa.nl\">info@ingridslaa.nl.<\/a><\/p>\n<\/div><\/section><br \/>\n<section  class='av_textblock_section av-jm3d1a2u-16e6eb6f302ebffe280bb4a9433ef675 '   itemscope=\"itemscope\" itemtype=\"https:\/\/schema.org\/CreativeWork\" ><div class='avia_textblock'  itemprop=\"text\" ><p>Version dd. 15-09-2018<\/p>\n<\/div><\/section><\/p><\/div>\n","protected":false},"excerpt":{"rendered":"","protected":false},"author":1,"featured_media":0,"parent":0,"menu_order":0,"comment_status":"closed","ping_status":"closed","template":"","meta":{"inline_featured_image":false,"footnotes":""},"class_list":["post-9943","page","type-page","status-publish","hentry"],"yoast_head":"<!-- This site is optimized with the Yoast SEO plugin v27.5 - https:\/\/yoast.com\/product\/yoast-seo-wordpress\/ -->\n<title>Ingrid Slaa - Bildende K\u00fcnstlerin - Datenschutzerkl\u00e4rung<\/title>\n<meta name=\"description\" content=\"Hier finden Sie die Datenschutzerkl\u00e4rung, die erkl\u00e4rt, wie diese Website mit dem Setzen von Cookies umgeht.\" \/>\n<meta name=\"robots\" content=\"index, follow, max-snippet:-1, max-image-preview:large, max-video-preview:-1\" \/>\n<link rel=\"canonical\" href=\"https:\/\/www.ingridslaa.nl\/de\/erklaerung-zum-datenschutz\/\" \/>\n<meta property=\"og:locale\" content=\"de_DE\" \/>\n<meta property=\"og:type\" content=\"article\" \/>\n<meta property=\"og:title\" content=\"Ingrid Slaa - Bildende K\u00fcnstlerin - Datenschutzerkl\u00e4rung\" \/>\n<meta property=\"og:description\" content=\"Hier finden Sie die Datenschutzerkl\u00e4rung, die erkl\u00e4rt, wie diese Website mit dem Setzen von Cookies umgeht.\" \/>\n<meta property=\"og:url\" content=\"https:\/\/www.ingridslaa.nl\/de\/erklaerung-zum-datenschutz\/\" \/>\n<meta property=\"og:site_name\" content=\"Ingrid Slaa\" \/>\n<meta property=\"article:modified_time\" content=\"2026-01-02T14:28:18+00:00\" \/>\n<meta name=\"twitter:card\" content=\"summary_large_image\" \/>\n<meta name=\"twitter:label1\" content=\"Gesch\u00e4tzte Lesezeit\" \/>\n\t<meta name=\"twitter:data1\" content=\"4\u00a0Minuten\" \/>\n<script type=\"application\/ld+json\" class=\"yoast-schema-graph\">{\"@context\":\"https:\\\/\\\/schema.org\",\"@graph\":[{\"@type\":\"WebPage\",\"@id\":\"https:\\\/\\\/www.ingridslaa.nl\\\/de\\\/erklaerung-zum-datenschutz\\\/\",\"url\":\"https:\\\/\\\/www.ingridslaa.nl\\\/de\\\/erklaerung-zum-datenschutz\\\/\",\"name\":\"Ingrid Slaa - Bildende K\u00fcnstlerin - Datenschutzerkl\u00e4rung\",\"isPartOf\":{\"@id\":\"https:\\\/\\\/www.ingridslaa.nl\\\/de\\\/#website\"},\"datePublished\":\"2018-09-14T14:47:24+00:00\",\"dateModified\":\"2026-01-02T14:28:18+00:00\",\"description\":\"Hier finden Sie die Datenschutzerkl\u00e4rung, die erkl\u00e4rt, wie diese Website mit dem Setzen von Cookies umgeht.\",\"breadcrumb\":{\"@id\":\"https:\\\/\\\/www.ingridslaa.nl\\\/de\\\/erklaerung-zum-datenschutz\\\/#breadcrumb\"},\"inLanguage\":\"de\",\"potentialAction\":[{\"@type\":\"ReadAction\",\"target\":[\"https:\\\/\\\/www.ingridslaa.nl\\\/de\\\/erklaerung-zum-datenschutz\\\/\"]}]},{\"@type\":\"BreadcrumbList\",\"@id\":\"https:\\\/\\\/www.ingridslaa.nl\\\/de\\\/erklaerung-zum-datenschutz\\\/#breadcrumb\",\"itemListElement\":[{\"@type\":\"ListItem\",\"position\":1,\"name\":\"Home\",\"item\":\"https:\\\/\\\/www.ingridslaa.nl\\\/de\\\/startseite\\\/\"},{\"@type\":\"ListItem\",\"position\":2,\"name\":\"Erkl\u00e4rung zum Datenschutz\"}]},{\"@type\":\"WebSite\",\"@id\":\"https:\\\/\\\/www.ingridslaa.nl\\\/de\\\/#website\",\"url\":\"https:\\\/\\\/www.ingridslaa.nl\\\/de\\\/\",\"name\":\"Ingrid Slaa\",\"description\":\"\",\"potentialAction\":[{\"@type\":\"SearchAction\",\"target\":{\"@type\":\"EntryPoint\",\"urlTemplate\":\"https:\\\/\\\/www.ingridslaa.nl\\\/de\\\/?s={search_term_string}\"},\"query-input\":{\"@type\":\"PropertyValueSpecification\",\"valueRequired\":true,\"valueName\":\"search_term_string\"}}],\"inLanguage\":\"de\"}]}<\/script>\n<!-- \/ Yoast SEO plugin. -->","yoast_head_json":{"title":"Ingrid Slaa - Bildende K\u00fcnstlerin - Datenschutzerkl\u00e4rung","description":"Hier finden Sie die Datenschutzerkl\u00e4rung, die erkl\u00e4rt, wie diese Website mit dem Setzen von Cookies umgeht.","robots":{"index":"index","follow":"follow","max-snippet":"max-snippet:-1","max-image-preview":"max-image-preview:large","max-video-preview":"max-video-preview:-1"},"canonical":"https:\/\/www.ingridslaa.nl\/de\/erklaerung-zum-datenschutz\/","og_locale":"de_DE","og_type":"article","og_title":"Ingrid Slaa - Bildende K\u00fcnstlerin - Datenschutzerkl\u00e4rung","og_description":"Hier finden Sie die Datenschutzerkl\u00e4rung, die erkl\u00e4rt, wie diese Website mit dem Setzen von Cookies umgeht.","og_url":"https:\/\/www.ingridslaa.nl\/de\/erklaerung-zum-datenschutz\/","og_site_name":"Ingrid Slaa","article_modified_time":"2026-01-02T14:28:18+00:00","twitter_card":"summary_large_image","twitter_misc":{"Gesch\u00e4tzte Lesezeit":"4\u00a0Minuten"},"schema":{"@context":"https:\/\/schema.org","@graph":[{"@type":"WebPage","@id":"https:\/\/www.ingridslaa.nl\/de\/erklaerung-zum-datenschutz\/","url":"https:\/\/www.ingridslaa.nl\/de\/erklaerung-zum-datenschutz\/","name":"Ingrid Slaa - Bildende K\u00fcnstlerin - Datenschutzerkl\u00e4rung","isPartOf":{"@id":"https:\/\/www.ingridslaa.nl\/de\/#website"},"datePublished":"2018-09-14T14:47:24+00:00","dateModified":"2026-01-02T14:28:18+00:00","description":"Hier finden Sie die Datenschutzerkl\u00e4rung, die erkl\u00e4rt, wie diese Website mit dem Setzen von Cookies umgeht.","breadcrumb":{"@id":"https:\/\/www.ingridslaa.nl\/de\/erklaerung-zum-datenschutz\/#breadcrumb"},"inLanguage":"de","potentialAction":[{"@type":"ReadAction","target":["https:\/\/www.ingridslaa.nl\/de\/erklaerung-zum-datenschutz\/"]}]},{"@type":"BreadcrumbList","@id":"https:\/\/www.ingridslaa.nl\/de\/erklaerung-zum-datenschutz\/#breadcrumb","itemListElement":[{"@type":"ListItem","position":1,"name":"Home","item":"https:\/\/www.ingridslaa.nl\/de\/startseite\/"},{"@type":"ListItem","position":2,"name":"Erkl\u00e4rung zum Datenschutz"}]},{"@type":"WebSite","@id":"https:\/\/www.ingridslaa.nl\/de\/#website","url":"https:\/\/www.ingridslaa.nl\/de\/","name":"Ingrid Slaa","description":"","potentialAction":[{"@type":"SearchAction","target":{"@type":"EntryPoint","urlTemplate":"https:\/\/www.ingridslaa.nl\/de\/?s={search_term_string}"},"query-input":{"@type":"PropertyValueSpecification","valueRequired":true,"valueName":"search_term_string"}}],"inLanguage":"de"}]}},"_links":{"self":[{"href":"https:\/\/www.ingridslaa.nl\/de\/wp-json\/wp\/v2\/pages\/9943","targetHints":{"allow":["GET"]}}],"collection":[{"href":"https:\/\/www.ingridslaa.nl\/de\/wp-json\/wp\/v2\/pages"}],"about":[{"href":"https:\/\/www.ingridslaa.nl\/de\/wp-json\/wp\/v2\/types\/page"}],"author":[{"embeddable":true,"href":"https:\/\/www.ingridslaa.nl\/de\/wp-json\/wp\/v2\/users\/1"}],"replies":[{"embeddable":true,"href":"https:\/\/www.ingridslaa.nl\/de\/wp-json\/wp\/v2\/comments?post=9943"}],"version-history":[{"count":13,"href":"https:\/\/www.ingridslaa.nl\/de\/wp-json\/wp\/v2\/pages\/9943\/revisions"}],"predecessor-version":[{"id":20712,"href":"https:\/\/www.ingridslaa.nl\/de\/wp-json\/wp\/v2\/pages\/9943\/revisions\/20712"}],"wp:attachment":[{"href":"https:\/\/www.ingridslaa.nl\/de\/wp-json\/wp\/v2\/media?parent=9943"}],"curies":[{"name":"wp","href":"https:\/\/api.w.org\/{rel}","templated":true}]}}